{"id":3393,"date":"2018-05-09T17:24:38","date_gmt":"2018-05-10T00:24:38","guid":{"rendered":"https:\/\/www.californianutritionals.com\/product\/glucosamin-chondroitin-mit-msm-tablette\/"},"modified":"2024-02-09T02:20:33","modified_gmt":"2024-02-09T10:20:33","slug":"glucosamin-chondroitin-mit-msm-tablette","status":"publish","type":"product","link":"https:\/\/www.californianutritionals.com\/de\/produkt\/glucosamin-chondroitin-mit-msm-tablette\/","title":{"rendered":"Glucosamin-Chondroitin mit MSM Tablette"},"content":{"rendered":"<p>Die Glucosamin-Chondroitin-Tablette mit MSM von California Nutrition erg\u00e4nzt auf nat\u00fcrliche Weise die wichtigsten N\u00e4hrstoffe, die f\u00fcr die t\u00e4gliche Unterst\u00fctzung der Gelenke ben\u00f6tigt werden, und tr\u00e4gt dazu bei, Entz\u00fcndungen zu reduzieren und die t\u00e4glichen Gelenkschmerzen zu lindern.<\/p>\n<p>Die Glucosamin-Chondroitin-Tablette mit MSM von California Nutrition enth\u00e4lt wichtige N\u00e4hrstoffe, die zur Gesunderhaltung der Gelenke und des Bindegewebes beitragen: Glucosamin, Chondroitin, Kollagen und Methylsulfonylmethan (MSM). Glucosamin HCl tr\u00e4gt zur Gesundheit der Gelenke bei und sorgt f\u00fcr Schmierung und Flexibilit\u00e4t. Knorpel, der aus Proteoglykanen besteht, befindet sich haupts\u00e4chlich in den Knochen und in der N\u00e4he der Gelenke und besteht haupts\u00e4chlich aus kollagenem Protein und Chondroitinsulfat. MSM liefert bioverf\u00fcgbaren Schwefel, der f\u00fcr die Gesundheit der Gelenke ben\u00f6tigt wird. Der in den Tabletten enthaltene Boswellia serrata wirkt entz\u00fcndungshemmend und lindert die allt\u00e4glichen Gelenkbeschwerden und -schmerzen. Mangan und Bor tragen zur Vorbeugung von Osteoporose bei.<\/p>\n<p>Das Produkt wird aus sorgf\u00e4ltig ausgew\u00e4hlten Zutaten unter strengen Herstellungsverfahren hergestellt.<\/p>\n<p>Keine k\u00fcnstlichen Aromen oder S\u00fc\u00dfstoffe<br \/>\nKeine Konservierungsstoffe<br \/>\nKein Zucker<br \/>\nKeine St\u00e4rke<br \/>\nKeine Milch<br \/>\nKeine Laktose<br \/>\nKein Soja<br \/>\nKein Gluten<\/p>\n<p><strong>Anzahl:<\/strong> 300<br \/>\n<strong>Art:<\/strong> Tabletten<br \/>\n<strong>H\u00e4ufigkeit<\/strong>: 1 t\u00e4glich<br \/>\n<strong>Dosierung:<\/strong> 3 Tabletten<\/p>\n","protected":false},"excerpt":{"rendered":"<p>Doppelte St\u00e4rke<br \/>\nGlucosamin-Chondroitin mit MSM<br \/>\nBeschichtete Tabletten<\/p>\n","protected":false},"featured_media":3396,"comment_status":"closed","ping_status":"closed","template":"","meta":[],"product_cat":[103],"product_tag":[104,105],"class_list":{"0":"post-3393","1":"product","2":"type-product","3":"status-publish","4":"has-post-thumbnail","6":"product_cat-glucosamin","7":"product_tag-entzundung","8":"product_tag-gelenkgesundheit","10":"first","11":"outofstock","12":"shipping-taxable","13":"purchasable","14":"product-type-simple"},"_links":{"self":[{"href":"https:\/\/www.californianutritionals.com\/de\/wp-json\/wp\/v2\/product\/3393","targetHints":{"allow":["GET"]}}],"collection":[{"href":"https:\/\/www.californianutritionals.com\/de\/wp-json\/wp\/v2\/product"}],"about":[{"href":"https:\/\/www.californianutritionals.com\/de\/wp-json\/wp\/v2\/types\/product"}],"replies":[{"embeddable":true,"href":"https:\/\/www.californianutritionals.com\/de\/wp-json\/wp\/v2\/comments?post=3393"}],"wp:featuredmedia":[{"embeddable":true,"href":"https:\/\/www.californianutritionals.com\/de\/wp-json\/wp\/v2\/media\/3396"}],"wp:attachment":[{"href":"https:\/\/www.californianutritionals.com\/de\/wp-json\/wp\/v2\/media?parent=3393"}],"wp:term":[{"taxonomy":"product_cat","embeddable":true,"href":"https:\/\/www.californianutritionals.com\/de\/wp-json\/wp\/v2\/product_cat?post=3393"},{"taxonomy":"product_tag","embeddable":true,"href":"https:\/\/www.californianutritionals.com\/de\/wp-json\/wp\/v2\/product_tag?post=3393"}],"curies":[{"name":"wp","href":"https:\/\/api.w.org\/{rel}","templated":true}]}}