{"id":3383,"date":"2018-05-09T17:25:47","date_gmt":"2018-05-10T00:25:47","guid":{"rendered":"https:\/\/www.californianutritionals.com\/product\/coq10-weichkapsel-200-mg\/"},"modified":"2024-02-09T02:17:07","modified_gmt":"2024-02-09T10:17:07","slug":"coq10-weichkapsel-200-mg","status":"publish","type":"product","link":"https:\/\/www.californianutritionals.com\/de\/produkt\/coq10-weichkapsel-200-mg\/","title":{"rendered":"CoQ10 Weichkapsel 200 mg"},"content":{"rendered":"<p>CoQ10 supports heart function and cellular energy production. It is important for people taking cholesterol-lowering statin drugs.<span class=\"Apple-converted-space\">\u00a0<\/span><\/p>\n<p>Coenzyme Q10 (CoQ10) is a fat-soluble compound found in most human cells that is needed to assist in a number of important reactions in the body. CoQ10 plays an important role in cellular energy production, generating energy in the cell\u2019s powerhouses called mitochondria.<\/p>\n<p><strong>Statin Users<\/strong>: Statin drugs can reduce CoQ10 levels in the body. California Nutrition CoQ10 can help replenish this important nutrient.<\/p>\n<p>California Nutrition CoQ10 200 mg helps support healthy CoQ10 levels in the body, and is naturally orange inside with white shell.<\/p>\n<ul>\n<li>Non-GMO<\/li>\n<li>No Artificial Flavors<\/li>\n<li>No Preservatives<\/li>\n<li>No Dairy<\/li>\n<li>Gluten Free<\/li>\n<\/ul>\n<p><strong>Count<\/strong>: 100<br \/>\n<strong>Type<\/strong>: Softgels<br \/>\n<strong>Frequency<\/strong>: 1 Daily<\/p>\n<p>CoQ10 unterst\u00fctzt die Herzfunktion und die zellul\u00e4re Energieproduktion. Es ist wichtig f\u00fcr Menschen, die cholesterinsenkende Statin-Medikamente einnehmen.<\/p>\n<p>Coenzym Q10 (CoQ10) ist eine fettl\u00f6sliche Verbindung, die in den meisten menschlichen Zellen vorkommt und f\u00fcr eine Reihe von wichtigen Reaktionen im K\u00f6rper ben\u00f6tigt wird. CoQ10 spielt eine wichtige Rolle bei der zellul\u00e4ren Energieproduktion, indem es in den Kraftwerken der Zelle, den Mitochondrien, Energie erzeugt.<\/p>\n<p>Statin-Benutzer: Statin-Medikamente k\u00f6nnen den CoQ10-Spiegel im K\u00f6rper senken. California Nutrition CoQ10 kann helfen, diesen wichtigen N\u00e4hrstoff wieder aufzuf\u00fcllen.<\/p>\n<p>California Nutrition CoQ10 200 mg tr\u00e4gt zu einem gesunden CoQ10-Spiegel im K\u00f6rper bei und ist von Natur aus orange mit wei\u00dfer Schale.<\/p>\n<p>Nicht gentechnisch ver\u00e4ndert<br \/>\nOhne k\u00fcnstliche Aromen<br \/>\nOhne Konservierungsstoffe<br \/>\nOhne Molkereiprodukte<br \/>\nGlutenfrei<\/p>\n<p><strong>Anzahl:<\/strong> 100<br \/>\n<strong>Art:<\/strong> Weichkapseln<br \/>\n<strong>H\u00e4ufigkeit:<\/strong> 1 t\u00e4glich<br \/>\n<strong>Dosierung:<\/strong> 200 mg<\/p>\n<p><strong>Dosage<\/strong>: 200 mg<\/p>\n","protected":false},"excerpt":{"rendered":"<p>CoQ10 Weichkapseln 200 mg<\/p>\n","protected":false},"featured_media":3392,"comment_status":"closed","ping_status":"closed","template":"","meta":[],"product_cat":[101],"product_tag":[102],"class_list":{"0":"post-3383","1":"product","2":"type-product","3":"status-publish","4":"has-post-thumbnail","6":"product_cat-coq10-de","7":"product_tag-herzgesundheit","9":"first","10":"instock","11":"shipping-taxable","12":"purchasable","13":"product-type-simple"},"_links":{"self":[{"href":"https:\/\/www.californianutritionals.com\/de\/wp-json\/wp\/v2\/product\/3383","targetHints":{"allow":["GET"]}}],"collection":[{"href":"https:\/\/www.californianutritionals.com\/de\/wp-json\/wp\/v2\/product"}],"about":[{"href":"https:\/\/www.californianutritionals.com\/de\/wp-json\/wp\/v2\/types\/product"}],"replies":[{"embeddable":true,"href":"https:\/\/www.californianutritionals.com\/de\/wp-json\/wp\/v2\/comments?post=3383"}],"wp:featuredmedia":[{"embeddable":true,"href":"https:\/\/www.californianutritionals.com\/de\/wp-json\/wp\/v2\/media\/3392"}],"wp:attachment":[{"href":"https:\/\/www.californianutritionals.com\/de\/wp-json\/wp\/v2\/media?parent=3383"}],"wp:term":[{"taxonomy":"product_cat","embeddable":true,"href":"https:\/\/www.californianutritionals.com\/de\/wp-json\/wp\/v2\/product_cat?post=3383"},{"taxonomy":"product_tag","embeddable":true,"href":"https:\/\/www.californianutritionals.com\/de\/wp-json\/wp\/v2\/product_tag?post=3383"}],"curies":[{"name":"wp","href":"https:\/\/api.w.org\/{rel}","templated":true}]}}