{"id":3411,"date":"2024-02-09T02:45:46","date_gmt":"2024-02-09T10:45:46","guid":{"rendered":"https:\/\/www.californianutritionals.com\/shop\/zelle-oxygenator\/"},"modified":"2024-02-09T03:06:48","modified_gmt":"2024-02-09T11:06:48","slug":"zelle-oxygenator","status":"publish","type":"page","link":"https:\/\/www.californianutritionals.com\/de\/shop\/zelle-oxygenator\/","title":{"rendered":"Zelle Oxygenator"},"content":{"rendered":"<section class=\"l-section wpb_row height_full valign_center\"><div class=\"l-section-h i-cf\"><div class=\"g-cols type_default valign_top\"><div class=\"vc_col-sm-12 wpb_column vc_column_container\"><div class=\"vc_column-inner\"><div class=\"wpb_wrapper\"><\/div><\/div><\/div><\/div><\/div><\/section><!-- Row Backgrounds --><div class=\"upb_content_iframe\" data-controls=\"\" data-viewport-video=\"true\" data-ultimate-video=\"https:\/\/www.youtube.com\/watch?v=DY8zFsw2Ehc&amp;feature=youtu.be\" data-bg-override=\"full\" data-start-time=\"\" data-stop-time=\"\" data-ultimate-video-muted=\"\" data-ultimate-video-loop=\"loop\" data-ultimate-video-poster=\"https:\/\/www.californianutritionals.com\/wp-content\/uploads\/2016\/12\/cell-oxygenator-video.jpg\" data-upb-overlay-color=\"\" data-upb-bg-animation=\"\" data-fadeout=\"\" data-fadeout-percentage=\"30\"  data-parallax-content=\"parallax_content_value\" data-parallax-content-sense=\"30\" data-row-effect-mobile-disable=\"true\" data-img-parallax-mobile-disable=\"true\" data-rtl=\"false\"  data-custom-vc-row=\"\"  data-vc=\"5.0.1\"  data-is_old_vc=\"\"  data-theme-support=\"\"   data-overlay=\"false\" data-overlay-color=\"\" data-overlay-pattern=\"\" data-overlay-pattern-opacity=\"\" data-overlay-pattern-size=\"\"     data-video_fixer=\"true\"><\/div><section class=\"l-section wpb_row height_medium\"><div class=\"l-section-h i-cf\"><div class=\"g-cols type_default\"><div class=\"vc_col-sm-8 wpb_column vc_column_container\"><div class=\"vc_column-inner\"><div class=\"wpb_wrapper\"><div class=\"wpb_text_column \"><div class=\"wpb_wrapper\"><img loading=\"lazy\" decoding=\"async\" class=\"alignleft wp-image-3256\" src=\"https:\/\/www.californianutritionals.com\/wp-content\/uploads\/2024\/01\/714cGVLK-IL._AC_SL1500_-300x285.jpg\" alt=\"\" width=\"468\" height=\"444\" srcset=\"https:\/\/www.californianutritionals.com\/wp-content\/uploads\/2024\/01\/714cGVLK-IL._AC_SL1500_-300x285.jpg 300w, https:\/\/www.californianutritionals.com\/wp-content\/uploads\/2024\/01\/714cGVLK-IL._AC_SL1500_-1024x972.jpg 1024w, https:\/\/www.californianutritionals.com\/wp-content\/uploads\/2024\/01\/714cGVLK-IL._AC_SL1500_-768x729.jpg 768w, https:\/\/www.californianutritionals.com\/wp-content\/uploads\/2024\/01\/714cGVLK-IL._AC_SL1500_-600x570.jpg 600w, https:\/\/www.californianutritionals.com\/wp-content\/uploads\/2024\/01\/714cGVLK-IL._AC_SL1500_.jpg 1500w\" sizes=\"auto, (max-width: 468px) 100vw, 468px\" \/>Die Ern\u00e4hrung spielt eine entscheidende Rolle f\u00fcr die Leistungsf\u00e4higkeit und das allgemeine Wohlbefinden von aktiven Menschen und Sportlern. Vielleicht strengen Sie sich an, und Ihr K\u00f6rper braucht den f\u00fcr den Stoffwechsel wichtigen Sauerstoff &#8211; ein Mangel daran f\u00fchrt zur Bildung von Milchs\u00e4ure. Wenn Sie ernsthaft trainieren, k\u00f6nnen Nahrungserg\u00e4nzungsmittel Ihr Trainingsprogramm unterst\u00fctzen und Ihre Erholung verbessern.<\/p>\n<p>Es gibt Nahrungserg\u00e4nzungsmittel, die Sie in Ihren Trainingsplan integrieren k\u00f6nnen und die Ihnen helfen, Ihre Leistung zu optimieren und Ihre Muskelkapazit\u00e4t zu steigern.<\/p>\n<p>California Nutritionals hat sich auf die Entwicklung von Gesundheits- und Wellness-Produkten spezialisiert. Zu unserer Produktlinie geh\u00f6rt der Cell Oxygenator. Der Cell Oxygenator ist vollgepackt mit essentiellen Aminos\u00e4uren und Mineralien in einer 1-Fluid-Unzen-Flasche mit Tropfer und wird Sie in mehrfacher Hinsicht bei der Deckung Ihres N\u00e4hrstoffbedarfs unterst\u00fctzen. Die fortschrittliche und schnell wirkende Formulierung wurde entwickelt, um die Sauerstoffversorgung der Zellen zu erh\u00f6hen, Ihrem Training einen zus\u00e4tzlichen Schub zu geben und die Regeneration zu unterst\u00fctzen, indem die Milchs\u00e4ure in Ihren Muskeln reduziert wird.<\/p>\n<\/div> <\/div> <\/div><\/div><\/div><div class=\"vc_col-sm-4 wpb_column vc_column_container\"><div class=\"vc_column-inner\"><div class=\"wpb_wrapper\">[vc_widget_sidebar sidebar_id=&#8220;default_sidebar&#8220;]<\/div><\/div><\/div><\/div><\/div><\/section><section class=\"l-section wpb_row height_large width_full with_img\"><div class=\"l-section-img\" style=\"background-image: url(https:\/\/www.californianutritionals.com\/wp-content\/uploads\/2017\/01\/AdobeStock_46112490-2400.jpg);\" data-img-width=\"2400\" data-img-height=\"1600\"><\/div><div class=\"l-section-h i-cf\"><div class=\"g-cols type_default\"><div class=\"vc_col-sm-12 wpb_column vc_column_container\"><div class=\"vc_column-inner\"><div class=\"wpb_wrapper\"><div class=\"w-btn-wrapper align_center\"><a class=\"w-btn style_raised color_primary icon_none\" href=\"https:\/\/www.californianutritionals.com\/de\/produkt\/zell-oxygenator-ergaenzung\/\" style=\"font-size: 50px;\"><span class=\"w-btn-label\">Kaufen Sie jetzt! <\/span><\/a><\/div><\/div><\/div><\/div><\/div><\/div><\/section><!-- Row Backgrounds --><section class=\"l-section wpb_row height_medium\"><div class=\"l-section-h i-cf\"><div class=\"g-cols type_default\"><div class=\"vc_col-sm-12 wpb_column vc_column_container\"><div class=\"vc_column-inner\"><div class=\"wpb_wrapper\"><div class=\"wpb_text_column \"><div class=\"wpb_wrapper\">\n<h3>Die Anwender unseres Produkts profitieren auch von einer verst\u00e4rkten Unterst\u00fctzung des Immunsystems.<\/h3>\n<p>Wenn Sie sich vom Sport erholen, ist es wichtig, dass Ihr Immunsystem gest\u00e4rkt wird, da ein gro\u00dfer Teil der Energie Ihres K\u00f6rpers in die Muskeln geflossen ist. Ein weiterer Vorteil, den Sie sehen werden, ist Ihre Haut. Die Mineralien und N\u00e4hrstoffe in den Inhaltsstoffen des Cell Oxygenator erreichen auch Ihre Haut und sorgen f\u00fcr ein gesundes Strahlen.<\/p>\n<h3>W\u00e4hrend der Einnahme des Nahrungserg\u00e4nzungsmittels werden Sie feststellen, dass Ihre Ausdauer und Ihr Durchhalteverm\u00f6gen gesteigert werden.<\/h3>\n<p><img loading=\"lazy\" decoding=\"async\" class=\"wp-image-3244 size-medium alignright\" src=\"https:\/\/www.californianutritionals.com\/wp-content\/uploads\/2024\/01\/71mjTGwR2nL._AC_SL1500_-300x300.jpg\" alt=\"\" width=\"300\" height=\"300\" srcset=\"https:\/\/www.californianutritionals.com\/wp-content\/uploads\/2024\/01\/71mjTGwR2nL._AC_SL1500_-300x300.jpg 300w, https:\/\/www.californianutritionals.com\/wp-content\/uploads\/2024\/01\/71mjTGwR2nL._AC_SL1500_-1024x1024.jpg 1024w, https:\/\/www.californianutritionals.com\/wp-content\/uploads\/2024\/01\/71mjTGwR2nL._AC_SL1500_-150x150.jpg 150w, https:\/\/www.californianutritionals.com\/wp-content\/uploads\/2024\/01\/71mjTGwR2nL._AC_SL1500_-768x768.jpg 768w, https:\/\/www.californianutritionals.com\/wp-content\/uploads\/2024\/01\/71mjTGwR2nL._AC_SL1500_-600x600.jpg 600w, https:\/\/www.californianutritionals.com\/wp-content\/uploads\/2024\/01\/71mjTGwR2nL._AC_SL1500_-350x350.jpg 350w, https:\/\/www.californianutritionals.com\/wp-content\/uploads\/2024\/01\/71mjTGwR2nL._AC_SL1500_-100x100.jpg 100w, https:\/\/www.californianutritionals.com\/wp-content\/uploads\/2024\/01\/71mjTGwR2nL._AC_SL1500_.jpg 1500w\" sizes=\"auto, (max-width: 300px) 100vw, 300px\" \/><\/p>\n<p>Treibe deinen Ehrgeiz an, bezwinge dein Training und erhole dich wie ein Champion. Um dieses Produkt zu verwenden, mischen Sie 7 Tropfen mit acht Unzen gereinigtem Wasser oder Saft. Dies kann dreimal am Tag geschehen. Sie k\u00f6nnen das Produkt auch bis zur dreifachen Menge mischen und \u00fcber den Tag verteilt in einer Flasche trinken. Sie haben die M\u00f6glichkeit, dieses Produkt mit oder ohne Mahlzeiten einzunehmen.<\/p>\n<p>Sie werden sehen, wie sich Ihr K\u00f6rper ver\u00e4ndert und wie sich Ihr Training verbessert, wenn Sie diese Nahrungserg\u00e4nzung in Ihren Trainingsplan einbeziehen.<\/p>\n<\/div> <\/div> <\/div><\/div><\/div><\/div><\/div><\/section><section class=\"l-section wpb_row height_medium\"><div class=\"l-section-h i-cf\"><div class=\"g-cols type_default\"><div class=\"vc_col-sm-12 wpb_column vc_column_container\"><div class=\"vc_column-inner\"><div class=\"wpb_wrapper\"><div class=\"wpb_text_column \"><div class=\"wpb_wrapper\">\n<hr \/>\n<p style=\"text-align: center;\">Diese Aussagen wurden nicht von der Food and Drug Administration bewertet. Dieses Produkt ist nicht dazu bestimmt, Krankheiten zu diagnostizieren, zu behandeln, zu heilen oder zu verhindern.<\/p>\n<\/div> <\/div> <\/div><\/div><\/div><\/div><\/div><\/section>\n","protected":false},"excerpt":{"rendered":"Die Ern\u00e4hrung spielt eine entscheidende Rolle f\u00fcr die Leistungsf\u00e4higkeit und das allgemeine Wohlbefinden von aktiven Menschen und Sportlern. Vielleicht strengen Sie sich an, und Ihr K\u00f6rper braucht den f\u00fcr den Stoffwechsel wichtigen Sauerstoff - ein Mangel daran f\u00fchrt zur Bildung von Milchs\u00e4ure. Wenn Sie ernsthaft trainieren, k\u00f6nnen Nahrungserg\u00e4nzungsmittel Ihr Trainingsprogramm unterst\u00fctzen und Ihre Erholung verbessern....","protected":false},"author":1,"featured_media":0,"parent":3380,"menu_order":40,"comment_status":"closed","ping_status":"closed","template":"","meta":{"footnotes":""},"class_list":["post-3411","page","type-page","status-publish","hentry"],"_links":{"self":[{"href":"https:\/\/www.californianutritionals.com\/de\/wp-json\/wp\/v2\/pages\/3411","targetHints":{"allow":["GET"]}}],"collection":[{"href":"https:\/\/www.californianutritionals.com\/de\/wp-json\/wp\/v2\/pages"}],"about":[{"href":"https:\/\/www.californianutritionals.com\/de\/wp-json\/wp\/v2\/types\/page"}],"author":[{"embeddable":true,"href":"https:\/\/www.californianutritionals.com\/de\/wp-json\/wp\/v2\/users\/1"}],"replies":[{"embeddable":true,"href":"https:\/\/www.californianutritionals.com\/de\/wp-json\/wp\/v2\/comments?post=3411"}],"version-history":[{"count":11,"href":"https:\/\/www.californianutritionals.com\/de\/wp-json\/wp\/v2\/pages\/3411\/revisions"}],"predecessor-version":[{"id":3435,"href":"https:\/\/www.californianutritionals.com\/de\/wp-json\/wp\/v2\/pages\/3411\/revisions\/3435"}],"up":[{"embeddable":true,"href":"https:\/\/www.californianutritionals.com\/de\/wp-json\/wp\/v2\/pages\/3380"}],"wp:attachment":[{"href":"https:\/\/www.californianutritionals.com\/de\/wp-json\/wp\/v2\/media?parent=3411"}],"curies":[{"name":"wp","href":"https:\/\/api.w.org\/{rel}","templated":true}]}}