{"id":3349,"date":"2024-02-09T01:16:35","date_gmt":"2024-02-09T09:16:35","guid":{"rendered":"https:\/\/www.californianutritionals.com\/nahrungsergaenzungsmittel-blog\/"},"modified":"2024-02-09T01:21:47","modified_gmt":"2024-02-09T09:21:47","slug":"nahrungsergaenzungsmittel-blog","status":"publish","type":"page","link":"https:\/\/www.californianutritionals.com\/de\/nahrungsergaenzungsmittel-blog\/","title":{"rendered":"Blog"},"content":{"rendered":"<section class=\"l-section wpb_row height_medium\"><div class=\"l-section-h i-cf\"><div class=\"g-cols type_default\"><div class=\"vc_col-sm-12 wpb_column vc_column_container\"><div class=\"vc_column-inner\"><div class=\"wpb_wrapper\">\t<div class=\"w-blog layout_smallcircle cols_2 with_categories\" itemscope=\"itemscope\" itemtype=\"https:\/\/schema.org\/Blog\">\t<div class=\"w-blog-list\">\r\n\r\n\t<article class=\"w-blog-post unkategorisiert post-3524 post type-post status-publish format-standard has-post-thumbnail hentry category-unkategorisiert\" data-id=\"3524\" data-categories=\"unkategorisiert\">\r\n\t\t<div class=\"w-blog-post-h\">\r\n\t\t\t\t\t\t\t\t\t\t<a href=\"https:\/\/www.californianutritionals.com\/de\/die-entschluesselung-der-molekularen-mechanismen-der-sauerstoffsensitivitaet-eine-reise-durch-nobelpreisgekroente-entdeckungen\/\">\r\n\t\t\t\t\t<div class=\"w-blog-post-preview\">\r\n\t\t\t\t\t\t<img loading=\"lazy\" decoding=\"async\" width=\"350\" height=\"350\" src=\"https:\/\/www.californianutritionals.com\/wp-content\/uploads\/2024\/04\/pexels-ruben-galante-4809019-350x350.jpg\" class=\"attachment-tnail-1x1-small size-tnail-1x1-small wp-post-image\" alt=\"\" srcset=\"https:\/\/www.californianutritionals.com\/wp-content\/uploads\/2024\/04\/pexels-ruben-galante-4809019-350x350.jpg 350w, https:\/\/www.californianutritionals.com\/wp-content\/uploads\/2024\/04\/pexels-ruben-galante-4809019-150x150.jpg 150w, https:\/\/www.californianutritionals.com\/wp-content\/uploads\/2024\/04\/pexels-ruben-galante-4809019-600x600.jpg 600w, https:\/\/www.californianutritionals.com\/wp-content\/uploads\/2024\/04\/pexels-ruben-galante-4809019-300x300.jpg 300w, https:\/\/www.californianutritionals.com\/wp-content\/uploads\/2024\/04\/pexels-ruben-galante-4809019-100x100.jpg 100w\" sizes=\"auto, (max-width: 350px) 100vw, 350px\" \/>\t\t\t\t\t\t<span class=\"w-blog-post-preview-icon\" style=\"padding-bottom: 66.6667%;\"><\/span>\r\n\t\t\t\t\t<\/div>\r\n\t\t\t\t<\/a>\r\n\t\t\t\t\t\t<div class=\"w-blog-post-body\">\r\n\t\t\t\t<h2 class=\"w-blog-post-title\">\r\n\t\t\t\t\t<a class=\"entry-title\" rel=\"bookmark\" href=\"https:\/\/www.californianutritionals.com\/de\/die-entschluesselung-der-molekularen-mechanismen-der-sauerstoffsensitivitaet-eine-reise-durch-nobelpreisgekroente-entdeckungen\/\">Die Entschl\u00fcsselung der molekularen Mechanismen der Sauerstoffsensitivit\u00e4t: Eine Reise durch nobelpreisgekr\u00f6nte Entdeckungen<\/a>\r\n\t\t\t\t<\/h2>\r\n\r\n\t\t\t\t<div class=\"w-blog-post-meta\">\r\n\t\t\t\t\t<time class=\"w-blog-post-meta-date date updated\">April 11, 2024<\/time><span class=\"w-blog-post-meta-author vcard author\"><a href=\"https:\/\/www.californianutritionals.com\/de\/author\/kristinaliu\/\" class=\"fn\">Kristina Liu<\/a><\/span><span class=\"w-blog-post-meta-category\"><a href=\"https:\/\/www.californianutritionals.com\/de\/category\/unkategorisiert\/\" rel=\"category tag\">Unkategorisiert<\/a><\/span>\t\t\t\t<\/div>\r\n\t\t\t\t\t\t\t\t\t<div class=\"w-blog-post-content\">\r\n\t\t\t\t\t\t<p>Der lebensnotwendige Sauerstoff ist ein grundlegender Bestandteil des zellul\u00e4ren Stoffwechsels und f\u00fcr das \u00dcberleben aller lebenden Organismen unerl\u00e4sslich. Im Laufe der Evolution haben Tiere ausgekl\u00fcgelte Mechanismen entwickelt, um Ver\u00e4nderungen der Sauerstoffverf\u00fcgbarkeit in ihrer Umgebung wahrzunehmen und sich an sie anzupassen. Bis vor etwa drei Jahrzehnten waren die molekularen Mechanismen, die diesem lebenswichtigen Prozess zugrunde liegen,&#8230;<\/p>\n\t\t\t\t\t<\/div>\r\n\t\t\t\t\t\t\t\t\t\t\t\t\t<a class=\"w-blog-post-more w-btn\" href=\"https:\/\/www.californianutritionals.com\/de\/die-entschluesselung-der-molekularen-mechanismen-der-sauerstoffsensitivitaet-eine-reise-durch-nobelpreisgekroente-entdeckungen\/\"><span class=\"w-btn-label\">Weiterlesen<\/span><\/a>\r\n\t\t\t\t\t\t\t<\/div>\r\n\t\t<\/div>\r\n\t<\/article>\r\n\r\n\r\n\r\n\t<article class=\"w-blog-post unkategorisiert post-3484 post type-post status-publish format-standard has-post-thumbnail hentry category-unkategorisiert\" data-id=\"3484\" data-categories=\"unkategorisiert\">\r\n\t\t<div class=\"w-blog-post-h\">\r\n\t\t\t\t\t\t\t\t\t\t<a href=\"https:\/\/www.californianutritionals.com\/de\/gute-ernaehrung\/\">\r\n\t\t\t\t\t<div class=\"w-blog-post-preview\">\r\n\t\t\t\t\t\t<img loading=\"lazy\" decoding=\"async\" width=\"350\" height=\"350\" src=\"https:\/\/www.californianutritionals.com\/wp-content\/uploads\/2024\/02\/pexels-august-de-richelieu-4262012-350x350.jpg\" class=\"attachment-tnail-1x1-small size-tnail-1x1-small wp-post-image\" alt=\"\" srcset=\"https:\/\/www.californianutritionals.com\/wp-content\/uploads\/2024\/02\/pexels-august-de-richelieu-4262012-350x350.jpg 350w, https:\/\/www.californianutritionals.com\/wp-content\/uploads\/2024\/02\/pexels-august-de-richelieu-4262012-150x150.jpg 150w, https:\/\/www.californianutritionals.com\/wp-content\/uploads\/2024\/02\/pexels-august-de-richelieu-4262012-600x600.jpg 600w, https:\/\/www.californianutritionals.com\/wp-content\/uploads\/2024\/02\/pexels-august-de-richelieu-4262012-300x300.jpg 300w, https:\/\/www.californianutritionals.com\/wp-content\/uploads\/2024\/02\/pexels-august-de-richelieu-4262012-100x100.jpg 100w\" sizes=\"auto, (max-width: 350px) 100vw, 350px\" \/>\t\t\t\t\t\t<span class=\"w-blog-post-preview-icon\" style=\"padding-bottom: 66.6667%;\"><\/span>\r\n\t\t\t\t\t<\/div>\r\n\t\t\t\t<\/a>\r\n\t\t\t\t\t\t<div class=\"w-blog-post-body\">\r\n\t\t\t\t<h2 class=\"w-blog-post-title\">\r\n\t\t\t\t\t<a class=\"entry-title\" rel=\"bookmark\" href=\"https:\/\/www.californianutritionals.com\/de\/gute-ernaehrung\/\">Gute Ern\u00e4hrung<\/a>\r\n\t\t\t\t<\/h2>\r\n\r\n\t\t\t\t<div class=\"w-blog-post-meta\">\r\n\t\t\t\t\t<time class=\"w-blog-post-meta-date date updated\">Februar 16, 2024<\/time><span class=\"w-blog-post-meta-author vcard author\"><a href=\"https:\/\/www.californianutritionals.com\/de\/author\/kristinaliu\/\" class=\"fn\">Kristina Liu<\/a><\/span><span class=\"w-blog-post-meta-category\"><a href=\"https:\/\/www.californianutritionals.com\/de\/category\/unkategorisiert\/\" rel=\"category tag\">Unkategorisiert<\/a><\/span>\t\t\t\t<\/div>\r\n\t\t\t\t\t\t\t\t\t<div class=\"w-blog-post-content\">\r\n\t\t\t\t\t\t<p>Ich erinnere mich noch gut an die Mittagsmahlzeiten in der High School: Burger, Pizza, Corndogs, Chicken Nuggets und gelegentlich Salat. Nicht gerade die nahrhaftesten Mahlzeiten. Meine Mitsch\u00fcler gierten nach zuckerhaltigen Getr\u00e4nken, sogar nach seltsamen wie Dr. Pepper. Nach Angaben der CDC isst weniger als 1 von 10 Jugendlichen und Erwachsenen ausreichend Obst und Gem\u00fcse. Gleichzeitig&#8230;<\/p>\n\t\t\t\t\t<\/div>\r\n\t\t\t\t\t\t\t\t\t\t\t\t\t<a class=\"w-blog-post-more w-btn\" href=\"https:\/\/www.californianutritionals.com\/de\/gute-ernaehrung\/\"><span class=\"w-btn-label\">Weiterlesen<\/span><\/a>\r\n\t\t\t\t\t\t\t<\/div>\r\n\t\t<\/div>\r\n\t<\/article>\r\n\r\n\r\n\r\n\t<article class=\"w-blog-post unkategorisiert post-3344 post type-post status-publish format-standard has-post-thumbnail hentry category-unkategorisiert\" data-id=\"3344\" data-categories=\"unkategorisiert\">\r\n\t\t<div class=\"w-blog-post-h\">\r\n\t\t\t\t\t\t\t\t\t\t<a href=\"https:\/\/www.californianutritionals.com\/de\/mahlzeit-ersatz-shakes-ein-leitfaden\/\">\r\n\t\t\t\t\t<div class=\"w-blog-post-preview\">\r\n\t\t\t\t\t\t<img loading=\"lazy\" decoding=\"async\" width=\"350\" height=\"350\" src=\"https:\/\/www.californianutritionals.com\/wp-content\/uploads\/2024\/02\/04b-yfood-sorten-web-350x350.jpg\" class=\"attachment-tnail-1x1-small size-tnail-1x1-small wp-post-image\" alt=\"\" srcset=\"https:\/\/www.californianutritionals.com\/wp-content\/uploads\/2024\/02\/04b-yfood-sorten-web-350x350.jpg 350w, https:\/\/www.californianutritionals.com\/wp-content\/uploads\/2024\/02\/04b-yfood-sorten-web-150x150.jpg 150w, https:\/\/www.californianutritionals.com\/wp-content\/uploads\/2024\/02\/04b-yfood-sorten-web-600x600.jpg 600w, https:\/\/www.californianutritionals.com\/wp-content\/uploads\/2024\/02\/04b-yfood-sorten-web-300x300.jpg 300w, https:\/\/www.californianutritionals.com\/wp-content\/uploads\/2024\/02\/04b-yfood-sorten-web-100x100.jpg 100w\" sizes=\"auto, (max-width: 350px) 100vw, 350px\" \/>\t\t\t\t\t\t<span class=\"w-blog-post-preview-icon\" style=\"padding-bottom: 66.6667%;\"><\/span>\r\n\t\t\t\t\t<\/div>\r\n\t\t\t\t<\/a>\r\n\t\t\t\t\t\t<div class=\"w-blog-post-body\">\r\n\t\t\t\t<h2 class=\"w-blog-post-title\">\r\n\t\t\t\t\t<a class=\"entry-title\" rel=\"bookmark\" href=\"https:\/\/www.californianutritionals.com\/de\/mahlzeit-ersatz-shakes-ein-leitfaden\/\">Mahlzeit-Ersatz-Shakes: Ein Leitfaden<\/a>\r\n\t\t\t\t<\/h2>\r\n\r\n\t\t\t\t<div class=\"w-blog-post-meta\">\r\n\t\t\t\t\t<time class=\"w-blog-post-meta-date date updated\">Februar 8, 2024<\/time><span class=\"w-blog-post-meta-author vcard author\"><a href=\"https:\/\/www.californianutritionals.com\/de\/author\/kristinaliu\/\" class=\"fn\">Kristina Liu<\/a><\/span><span class=\"w-blog-post-meta-category\"><a href=\"https:\/\/www.californianutritionals.com\/de\/category\/unkategorisiert\/\" rel=\"category tag\">Unkategorisiert<\/a><\/span>\t\t\t\t<\/div>\r\n\t\t\t\t\t\t\t\t\t<div class=\"w-blog-post-content\">\r\n\t\t\t\t\t\t<p>Bild \u00a9 Foodwatch Wenn man vor 20 Jahren jemanden gefragt hat, wie es ihm geht, hat er geantwortet: &#8222;gut!&#8220;. Heute lautet die Antwort: &#8222;besch\u00e4ftigt&#8220;. Unser modernes Dilemma des Zeitmangels und der Sucht nach Bequemlichkeit scheint nicht verschwunden zu sein, auch nicht durch die M\u00f6glichkeit, von zu Hause aus zu arbeiten, sondern hat sich nur noch&#8230;<\/p>\n\t\t\t\t\t<\/div>\r\n\t\t\t\t\t\t\t\t\t\t\t\t\t<a class=\"w-blog-post-more w-btn\" href=\"https:\/\/www.californianutritionals.com\/de\/mahlzeit-ersatz-shakes-ein-leitfaden\/\"><span class=\"w-btn-label\">Weiterlesen<\/span><\/a>\r\n\t\t\t\t\t\t\t<\/div>\r\n\t\t<\/div>\r\n\t<\/article>\r\n\r\n\r\n\r\n\t<article class=\"w-blog-post nahrungserganzungsmittel post-3367 post type-post status-publish format-standard has-post-thumbnail hentry category-nahrungserganzungsmittel\" data-id=\"3367\" data-categories=\"nahrungserganzungsmittel\">\r\n\t\t<div class=\"w-blog-post-h\">\r\n\t\t\t\t\t\t\t\t\t\t<a href=\"https:\/\/www.californianutritionals.com\/de\/navigieren-zur-gelenkgesundheit-das-potenzial-von-glucosamin-und-chondroitin-mit-methylsulfonylmethan-msm-freisetzen\/\">\r\n\t\t\t\t\t<div class=\"w-blog-post-preview\">\r\n\t\t\t\t\t\t<img loading=\"lazy\" decoding=\"async\" width=\"350\" height=\"350\" src=\"https:\/\/www.californianutritionals.com\/wp-content\/uploads\/2024\/01\/pexels-matthias-zomer-339620-1-350x350.jpg\" class=\"attachment-tnail-1x1-small size-tnail-1x1-small wp-post-image\" alt=\"\" srcset=\"https:\/\/www.californianutritionals.com\/wp-content\/uploads\/2024\/01\/pexels-matthias-zomer-339620-1-350x350.jpg 350w, https:\/\/www.californianutritionals.com\/wp-content\/uploads\/2024\/01\/pexels-matthias-zomer-339620-1-150x150.jpg 150w, https:\/\/www.californianutritionals.com\/wp-content\/uploads\/2024\/01\/pexels-matthias-zomer-339620-1-600x600.jpg 600w, https:\/\/www.californianutritionals.com\/wp-content\/uploads\/2024\/01\/pexels-matthias-zomer-339620-1-300x300.jpg 300w, https:\/\/www.californianutritionals.com\/wp-content\/uploads\/2024\/01\/pexels-matthias-zomer-339620-1-100x100.jpg 100w\" sizes=\"auto, (max-width: 350px) 100vw, 350px\" \/>\t\t\t\t\t\t<span class=\"w-blog-post-preview-icon\" style=\"padding-bottom: 66.6667%;\"><\/span>\r\n\t\t\t\t\t<\/div>\r\n\t\t\t\t<\/a>\r\n\t\t\t\t\t\t<div class=\"w-blog-post-body\">\r\n\t\t\t\t<h2 class=\"w-blog-post-title\">\r\n\t\t\t\t\t<a class=\"entry-title\" rel=\"bookmark\" href=\"https:\/\/www.californianutritionals.com\/de\/navigieren-zur-gelenkgesundheit-das-potenzial-von-glucosamin-und-chondroitin-mit-methylsulfonylmethan-msm-freisetzen\/\">Navigieren zur Gelenkgesundheit: Das Potenzial von Glucosamin und Chondroitin mit Methylsulfonylmethan (MSM) freisetzen<\/a>\r\n\t\t\t\t<\/h2>\r\n\r\n\t\t\t\t<div class=\"w-blog-post-meta\">\r\n\t\t\t\t\t<time class=\"w-blog-post-meta-date date updated\">Juli 2, 2023<\/time><span class=\"w-blog-post-meta-author vcard author\"><a href=\"https:\/\/www.californianutritionals.com\/de\/author\/kristinaliu\/\" class=\"fn\">Kristina Liu<\/a><\/span><span class=\"w-blog-post-meta-category\"><a href=\"https:\/\/www.californianutritionals.com\/de\/category\/nahrungserganzungsmittel\/\" rel=\"category tag\">Nahrungserg\u00e4nzungsmittel<\/a><\/span>\t\t\t\t<\/div>\r\n\t\t\t\t\t\t\t\t\t<div class=\"w-blog-post-content\">\r\n\t\t\t\t\t\t<p>In dem Bestreben, die Gesundheit und Mobilit\u00e4t der Gelenke zu erhalten, greifen viele Menschen zu Nahrungserg\u00e4nzungsmitteln, die sie gezielt unterst\u00fctzen. Glucosamine Chondroitin Advanced, angereichert mit Methylsulfonylmethan (MSM), zeichnet sich als umfassende L\u00f6sung aus, die die komplexen Bed\u00fcrfnisse der Gelenkfunktionalit\u00e4t erf\u00fcllt. In diesem Blogbeitrag werden die synergetischen Komponenten von Glucosamin, Chondroitin und MSM n\u00e4her beleuchtet, die&#8230;<\/p>\n\t\t\t\t\t<\/div>\r\n\t\t\t\t\t\t\t\t\t\t\t\t\t<a class=\"w-blog-post-more w-btn\" href=\"https:\/\/www.californianutritionals.com\/de\/navigieren-zur-gelenkgesundheit-das-potenzial-von-glucosamin-und-chondroitin-mit-methylsulfonylmethan-msm-freisetzen\/\"><span class=\"w-btn-label\">Weiterlesen<\/span><\/a>\r\n\t\t\t\t\t\t\t<\/div>\r\n\t\t<\/div>\r\n\t<\/article>\r\n\r\n\r\n\r\n\t<article class=\"w-blog-post unkategorisiert post-3371 post type-post status-publish format-standard has-post-thumbnail hentry category-unkategorisiert tag-coenzyme-q10-de tag-heart-health-de tag-metabolism-de\" data-id=\"3371\" data-categories=\"unkategorisiert\">\r\n\t\t<div class=\"w-blog-post-h\">\r\n\t\t\t\t\t\t\t\t\t\t<a href=\"https:\/\/www.californianutritionals.com\/de\/die-biochemische-bedeutung-von-coenzym-q10-entschluesseln-eine-technische-erkundung\/\">\r\n\t\t\t\t\t<div class=\"w-blog-post-preview\">\r\n\t\t\t\t\t\t<img loading=\"lazy\" decoding=\"async\" width=\"350\" height=\"350\" src=\"https:\/\/www.californianutritionals.com\/wp-content\/uploads\/2024\/01\/DrAxeCoQ10Header-1-350x350.jpg\" class=\"attachment-tnail-1x1-small size-tnail-1x1-small wp-post-image\" alt=\"\" srcset=\"https:\/\/www.californianutritionals.com\/wp-content\/uploads\/2024\/01\/DrAxeCoQ10Header-1-350x350.jpg 350w, https:\/\/www.californianutritionals.com\/wp-content\/uploads\/2024\/01\/DrAxeCoQ10Header-1-150x150.jpg 150w, https:\/\/www.californianutritionals.com\/wp-content\/uploads\/2024\/01\/DrAxeCoQ10Header-1-300x300.jpg 300w, https:\/\/www.californianutritionals.com\/wp-content\/uploads\/2024\/01\/DrAxeCoQ10Header-1-100x100.jpg 100w\" sizes=\"auto, (max-width: 350px) 100vw, 350px\" \/>\t\t\t\t\t\t<span class=\"w-blog-post-preview-icon\" style=\"padding-bottom: 66.6667%;\"><\/span>\r\n\t\t\t\t\t<\/div>\r\n\t\t\t\t<\/a>\r\n\t\t\t\t\t\t<div class=\"w-blog-post-body\">\r\n\t\t\t\t<h2 class=\"w-blog-post-title\">\r\n\t\t\t\t\t<a class=\"entry-title\" rel=\"bookmark\" href=\"https:\/\/www.californianutritionals.com\/de\/die-biochemische-bedeutung-von-coenzym-q10-entschluesseln-eine-technische-erkundung\/\">Die biochemische Bedeutung von Coenzym Q10 entschl\u00fcsseln: Eine technische Erkundung<\/a>\r\n\t\t\t\t<\/h2>\r\n\r\n\t\t\t\t<div class=\"w-blog-post-meta\">\r\n\t\t\t\t\t<time class=\"w-blog-post-meta-date date updated\">Januar 10, 2023<\/time><span class=\"w-blog-post-meta-author vcard author\"><a href=\"https:\/\/www.californianutritionals.com\/de\/author\/kristinaliu\/\" class=\"fn\">Kristina Liu<\/a><\/span><span class=\"w-blog-post-meta-category\"><a href=\"https:\/\/www.californianutritionals.com\/de\/category\/unkategorisiert\/\" rel=\"category tag\">Unkategorisiert<\/a><\/span>\t\t\t\t<\/div>\r\n\t\t\t\t\t\t\t\t\t<div class=\"w-blog-post-content\">\r\n\t\t\t\t\t\t<p>Bild von draxe.com Coenzym Q10 (CoQ10) ist eine Substanz, die hilft, Nahrung in Energie umzuwandeln. CoQ10 findet sich in fast jeder Zelle des K\u00f6rpers und ist ein starkes Antioxidans. CoQ10, auch bekannt als Ubichinon, ist eine lipidl\u00f6sliche Chinonverbindung, die in den Mitochondrien eukaryontischer Zellen eingebettet ist. Seine unverzichtbare Rolle in der mitochondrialen Bioenergetik macht CoQ10&#8230;<\/p>\n\t\t\t\t\t<\/div>\r\n\t\t\t\t\t\t\t\t\t\t\t\t\t<a class=\"w-blog-post-more w-btn\" href=\"https:\/\/www.californianutritionals.com\/de\/die-biochemische-bedeutung-von-coenzym-q10-entschluesseln-eine-technische-erkundung\/\"><span class=\"w-btn-label\">Weiterlesen<\/span><\/a>\r\n\t\t\t\t\t\t\t<\/div>\r\n\t\t<\/div>\r\n\t<\/article>\r\n\r\n\r\n\r\n\t<article class=\"w-blog-post nahrungserganzungsmittel post-3376 post type-post status-publish format-standard has-post-thumbnail hentry category-nahrungserganzungsmittel tag-aminosauren tag-leistungsschub tag-milchsaure tag-mineralien tag-sporternahrung\" data-id=\"3376\" data-categories=\"nahrungserganzungsmittel\">\r\n\t\t<div class=\"w-blog-post-h\">\r\n\t\t\t\t\t\t\t\t\t\t<a href=\"https:\/\/www.californianutritionals.com\/de\/cell-oxygenator-vorteile\/\">\r\n\t\t\t\t\t<div class=\"w-blog-post-preview\">\r\n\t\t\t\t\t\t<img loading=\"lazy\" decoding=\"async\" width=\"350\" height=\"350\" src=\"https:\/\/www.californianutritionals.com\/wp-content\/uploads\/2024\/01\/71on8rbT-ZL._AC_SL1500_-1-350x350.jpg\" class=\"attachment-tnail-1x1-small size-tnail-1x1-small wp-post-image\" alt=\"\" srcset=\"https:\/\/www.californianutritionals.com\/wp-content\/uploads\/2024\/01\/71on8rbT-ZL._AC_SL1500_-1-350x350.jpg 350w, https:\/\/www.californianutritionals.com\/wp-content\/uploads\/2024\/01\/71on8rbT-ZL._AC_SL1500_-1-150x150.jpg 150w, https:\/\/www.californianutritionals.com\/wp-content\/uploads\/2024\/01\/71on8rbT-ZL._AC_SL1500_-1-600x600.jpg 600w, https:\/\/www.californianutritionals.com\/wp-content\/uploads\/2024\/01\/71on8rbT-ZL._AC_SL1500_-1-300x300.jpg 300w, https:\/\/www.californianutritionals.com\/wp-content\/uploads\/2024\/01\/71on8rbT-ZL._AC_SL1500_-1-100x100.jpg 100w\" sizes=\"auto, (max-width: 350px) 100vw, 350px\" \/>\t\t\t\t\t\t<span class=\"w-blog-post-preview-icon\" style=\"padding-bottom: 66.6667%;\"><\/span>\r\n\t\t\t\t\t<\/div>\r\n\t\t\t\t<\/a>\r\n\t\t\t\t\t\t<div class=\"w-blog-post-body\">\r\n\t\t\t\t<h2 class=\"w-blog-post-title\">\r\n\t\t\t\t\t<a class=\"entry-title\" rel=\"bookmark\" href=\"https:\/\/www.californianutritionals.com\/de\/cell-oxygenator-vorteile\/\">Cell Oxygenator Vorteile<\/a>\r\n\t\t\t\t<\/h2>\r\n\r\n\t\t\t\t<div class=\"w-blog-post-meta\">\r\n\t\t\t\t\t<time class=\"w-blog-post-meta-date date updated\">M\u00e4rz 29, 2020<\/time><span class=\"w-blog-post-meta-author vcard author\"><a href=\"https:\/\/www.californianutritionals.com\/de\/author\/kristinaliu\/\" class=\"fn\">Kristina Liu<\/a><\/span><span class=\"w-blog-post-meta-category\"><a href=\"https:\/\/www.californianutritionals.com\/de\/category\/nahrungserganzungsmittel\/\" rel=\"category tag\">Nahrungserg\u00e4nzungsmittel<\/a><\/span>\t\t\t\t<\/div>\r\n\t\t\t\t\t\t\t\t\t<div class=\"w-blog-post-content\">\r\n\t\t\t\t\t\t<p>Bessere Erholung beim Training mit Cell Oxygenator&#x2122; Ein gesunder Lebensstil erfordert Anstrengung und Engagement. Wer regelm\u00e4\u00dfig trainiert, bringt seinen K\u00f6rper an seine Grenzen, baut Muskeln auf und verbrennt Kalorien. Regelm\u00e4\u00dfiges Training kann jedoch den Erholungsprozess Ihres K\u00f6rpers beeintr\u00e4chtigen, insbesondere wenn Sie Ihre Routine \u00e4ndern. Zum Gl\u00fcck gibt es wirksame Methoden, um die Erholung Ihres K\u00f6rpers&#8230;<\/p>\n\t\t\t\t\t<\/div>\r\n\t\t\t\t\t\t\t\t\t\t\t\t\t<a class=\"w-blog-post-more w-btn\" href=\"https:\/\/www.californianutritionals.com\/de\/cell-oxygenator-vorteile\/\"><span class=\"w-btn-label\">Weiterlesen<\/span><\/a>\r\n\t\t\t\t\t\t\t<\/div>\r\n\t\t<\/div>\r\n\t<\/article>\r\n\r\n<\/div><\/div><\/div><\/div><\/div><\/div><\/div><\/section>\n","protected":false},"excerpt":{"rendered":"Bessere Erholung beim Training mit Cell Oxygenator&#x2122; Ein gesunder Lebensstil erfordert Anstrengung und Engagement. Wer regelm\u00e4\u00dfig trainiert, bringt seinen K\u00f6rper an seine Grenzen, baut Muskeln auf und verbrennt Kalorien. Regelm\u00e4\u00dfiges Training kann jedoch den Erholungsprozess Ihres K\u00f6rpers beeintr\u00e4chtigen, insbesondere wenn Sie Ihre Routine \u00e4ndern. Zum Gl\u00fcck gibt es wirksame Methoden, um die Erholung Ihres K\u00f6rpers...","protected":false},"author":1,"featured_media":0,"parent":0,"menu_order":0,"comment_status":"closed","ping_status":"closed","template":"","meta":{"footnotes":""},"class_list":["post-3349","page","type-page","status-publish","hentry"],"_links":{"self":[{"href":"https:\/\/www.californianutritionals.com\/de\/wp-json\/wp\/v2\/pages\/3349","targetHints":{"allow":["GET"]}}],"collection":[{"href":"https:\/\/www.californianutritionals.com\/de\/wp-json\/wp\/v2\/pages"}],"about":[{"href":"https:\/\/www.californianutritionals.com\/de\/wp-json\/wp\/v2\/types\/page"}],"author":[{"embeddable":true,"href":"https:\/\/www.californianutritionals.com\/de\/wp-json\/wp\/v2\/users\/1"}],"replies":[{"embeddable":true,"href":"https:\/\/www.californianutritionals.com\/de\/wp-json\/wp\/v2\/comments?post=3349"}],"version-history":[{"count":2,"href":"https:\/\/www.californianutritionals.com\/de\/wp-json\/wp\/v2\/pages\/3349\/revisions"}],"predecessor-version":[{"id":3351,"href":"https:\/\/www.californianutritionals.com\/de\/wp-json\/wp\/v2\/pages\/3349\/revisions\/3351"}],"wp:attachment":[{"href":"https:\/\/www.californianutritionals.com\/de\/wp-json\/wp\/v2\/media?parent=3349"}],"curies":[{"name":"wp","href":"https:\/\/api.w.org\/{rel}","templated":true}]}}